{"id":200,"date":"2011-03-14T23:15:10","date_gmt":"2011-03-14T23:15:10","guid":{"rendered":"http:\/\/www.redlizard.eu\/n\/?page_id=200"},"modified":"2021-03-05T04:08:00","modified_gmt":"2021-03-05T03:08:00","slug":"skladki","status":"publish","type":"page","link":"https:\/\/klub.nautica.poznan.pl\/?page_id=200","title":{"rendered":"Sk\u0142adki"},"content":{"rendered":"<div class=\"page-restrict-output\"><p>Sk\u0142adki cz\u0142onkowskie winny by\u0107 op\u0142acane raz w roku, do ko\u0144ca miesi\u0105ca lutego, w nast\u0119puj\u0105cych kwotach:<\/p>\n<p>\u2022\u00a0osoby ucz\u0105ce si\u0119, do 27 roku \u017cycia 200 z\u0142<br \/>\n\u2022\u00a0osoby powy\u017cej 27 roku \u017cycia 300 z\u0142<br \/>\n\u2022\u00a0para ma\u0142\u017ce\u0144ska w klubie 400 z\u0142<br \/>\n\u2022\u00a0dziecko cz\u0142onka klubu 100 z\u0142<\/p>\n<p>Nowi cz\u0142onkowie klubu p\u0142ac\u0105 od miesi\u0105ca, w kt\u00f3rym zostali przyj\u0119ci za proporcjonalny okres do ko\u0144ca roku, a kolejn\u0105 sk\u0142adk\u0119 za nowy rok do ko\u0144ca miesi\u0105ca lutego ka\u017cdego nowego roku<\/p>\n<p><span style=\"color: #000000;\">Sk\u0142adki mo\u017cna wp\u0142aca\u0107 na konto klubu <\/span>&#8211; w tytule przelewu prosimy o wpisanie: SK\u0141ADKA KLUBOWA.<\/p>\n<p>Konto bankowe Klubu: 38 1090 1362 0000 0001 1055 2532<br \/>\nKlub Nurkowy Nautica Pozna\u0144, ul. Pi\u0142sudskiego 100, 61-246 Pozna\u0144<\/p>\n<p>&nbsp;<\/p>\n<p>Zgodnie z regulaminem Klubu:<br \/>\nZarz\u0105d zastrzega sobie prawo do zmiany swoj\u0105 uchwa\u0142\u0105 wysoko\u015bci sk\u0142adek, za uprzednim przedyskutowaniem tej kwestii z cz\u0142onkami Klubu.<\/p>\n<p>&nbsp;<\/p>\n<fb:like href='https:\/\/klub.nautica.poznan.pl\/?page_id=200' send='true' layout='standard' show_faces='true' width='450' height='65' action='like' colorscheme='light' font='lucida grande'><\/fb:like><\/div>","protected":false},"excerpt":{"rendered":"<div class=\"page-restrict-output\"><p>Sk\u0142adki cz\u0142onkowskie winny by\u0107 op\u0142acane raz w roku, do ko\u0144ca miesi\u0105ca lutego, w nast\u0119puj\u0105cych kwotach:<br \/>\n\u2022\u00a0osoby ucz\u0105ce si\u0119, do 27 roku \u017cycia 200 z\u0142<br \/>\n\u2022\u00a0osoby powy\u017cej 27 roku \u017cycia 300 z\u0142<br \/>\n\u2022\u00a0para ma\u0142\u017ce\u0144ska w klubie 400 z\u0142<br \/>\n\u2022\u00a0dziecko cz\u0142onka klubu 100 z\u0142<br \/>\nNowi cz\u0142onkowie klubu p\u0142ac\u0105 od miesi\u0105ca, w kt\u00f3rym zostali przyj\u0119ci za proporcjonalny okres do ko\u0144ca roku, a kolejn\u0105 [&#8230;]<\/p>\n<\/div>","protected":false},"author":1,"featured_media":0,"parent":5,"menu_order":6,"comment_status":"closed","ping_status":"closed","template":"","meta":{"ngg_post_thumbnail":0},"_links":{"self":[{"href":"https:\/\/klub.nautica.poznan.pl\/index.php?rest_route=\/wp\/v2\/pages\/200"}],"collection":[{"href":"https:\/\/klub.nautica.poznan.pl\/index.php?rest_route=\/wp\/v2\/pages"}],"about":[{"href":"https:\/\/klub.nautica.poznan.pl\/index.php?rest_route=\/wp\/v2\/types\/page"}],"author":[{"embeddable":true,"href":"https:\/\/klub.nautica.poznan.pl\/index.php?rest_route=\/wp\/v2\/users\/1"}],"replies":[{"embeddable":true,"href":"https:\/\/klub.nautica.poznan.pl\/index.php?rest_route=%2Fwp%2Fv2%2Fcomments&post=200"}],"version-history":[{"count":31,"href":"https:\/\/klub.nautica.poznan.pl\/index.php?rest_route=\/wp\/v2\/pages\/200\/revisions"}],"predecessor-version":[{"id":3881,"href":"https:\/\/klub.nautica.poznan.pl\/index.php?rest_route=\/wp\/v2\/pages\/200\/revisions\/3881"}],"up":[{"embeddable":true,"href":"https:\/\/klub.nautica.poznan.pl\/index.php?rest_route=\/wp\/v2\/pages\/5"}],"wp:attachment":[{"href":"https:\/\/klub.nautica.poznan.pl\/index.php?rest_route=%2Fwp%2Fv2%2Fmedia&parent=200"}],"curies":[{"name":"wp","href":"https:\/\/api.w.org\/{rel}","templated":true}]}}