{"id":3055,"date":"2014-06-27T00:24:56","date_gmt":"2014-06-26T22:24:56","guid":{"rendered":"http:\/\/klub.nautica.poznan.pl\/?page_id=3055"},"modified":"2021-06-14T21:03:32","modified_gmt":"2021-06-14T19:03:32","slug":"akweny","status":"publish","type":"page","link":"https:\/\/klub.nautica.poznan.pl\/?page_id=3055","title":{"rendered":"Akweny"},"content":{"rendered":"<div class=\"page-restrict-output\"><p>Na tej stronie chcemy zebra\u0107 informacje o nurkowiskach w Wielkopolsce, ale poniewa\u017c zacz\u0119li\u015bcie nadsy\u0142a\u0107 r\u00f3wnie\u017c inne, to podzielone zosta\u0142y na wojew\u00f3dztwa. Nadsy\u0142ajcie nowe akweny na knp.nautica@gmail.com<\/p>\n<h2>Wielkopolskie<\/h2>\n<ul>\n<li>Jezioro Powidzkie: Kosewo, Giewart\u00f3w, Powidz &#8211; \u0141azienki, &#8222;U Bambra&#8221;<\/li>\n<li>Jezioro Budzis\u0142awskie<\/li>\n<li>Jezioro Lusowskie: Lus\u00f3wko<\/li>\n<li>Jezioro Strzeszynek: K\u0105pielisko<\/li>\n<li>Jezioro Kierskie: Kaskada, Ekofloksy<\/li>\n<li>Jezioro Kalisza\u0144skie k. W\u0105growca<\/li>\n<li>Szachty w Poznaniu<\/li>\n<li>Honoratka (D\u0105browa Du\u017ca)<\/li>\n<li>Jezioro P\u0142otki k. Pi\u0142y<\/li>\n<li>Jezioro Jaros\u0142awskie k. \u015aremu<\/li>\n<li>Jezioro Zaj\u0105czkowskie<\/li>\n<li>Jezioro Bia\u0142okosz<\/li>\n<li>Jezioro Dominieckie k. Boszkowa<\/li>\n<li>Jezioro Tuczko k. Mi\u0119dzychodu<\/li>\n<li>Jezioro Stobno k. Pi\u0142y<\/li>\n<li>Jezioro Piaszczyste k. Pi\u0142y<\/li>\n<li>Jezioro Jeleniowe k. Pi\u0142y<\/li>\n<li>Jezioro Wapie\u0144skie k. Pi\u0142y<\/li>\n<li>Jezioro Lednica<\/li>\n<\/ul>\n<h2>Lubuskie<\/h2>\n<ul>\n<li>Jezioro Ciecz\/Trze\u015bniowskie; Rybak\u00f3wa (\u015bcianka w\u0119glowa, i\u0142owa)<\/li>\n<li>Jezior&nbsp;\u0141agowskie<\/li>\n<li>Jezioro Lubikowskie: Folwark Amalia<\/li>\n<\/ul>\n<fb:like href='https:\/\/klub.nautica.poznan.pl\/?page_id=3055' send='true' layout='standard' show_faces='true' width='450' height='65' action='like' colorscheme='light' font='lucida grande'><\/fb:like><\/div>","protected":false},"excerpt":{"rendered":"<div class=\"page-restrict-output\"><p>Na tej stronie chcemy zebra\u0107 informacje o nurkowiskach w Wielkopolsce, ale poniewa\u017c zacz\u0119li\u015bcie nadsy\u0142a\u0107 r\u00f3wnie\u017c inne, to podzielone zosta\u0142y na wojew\u00f3dztwa. Nadsy\u0142ajcie nowe akweny na knp.nautica@gmail.com<br \/>\nWielkopolskie<\/p>\n<p>Jezioro Powidzkie: Kosewo, Giewart\u00f3w, Powidz &#8211; \u0141azienki, &#8222;U Bambra&#8221;<br \/>\nJezioro Budzis\u0142awskie<br \/>\nJezioro Lusowskie: Lus\u00f3wko<br \/>\nJezioro Strzeszynek: K\u0105pielisko<br \/>\nJezioro Kierskie: Kaskada, Ekofloksy<br \/>\nJezioro Kalisza\u0144skie k. W\u0105growca<br \/>\nSzachty w Poznaniu<br \/>\nHonoratka (D\u0105browa Du\u017ca)<br \/>\nJezioro P\u0142otki k. Pi\u0142y<br \/>\nJezioro Jaros\u0142awskie k. \u015aremu<br \/>\nJezioro [&#8230;]<\/p>\n<\/div>","protected":false},"author":1,"featured_media":0,"parent":0,"menu_order":0,"comment_status":"open","ping_status":"open","template":"","meta":{"ngg_post_thumbnail":0},"_links":{"self":[{"href":"https:\/\/klub.nautica.poznan.pl\/index.php?rest_route=\/wp\/v2\/pages\/3055"}],"collection":[{"href":"https:\/\/klub.nautica.poznan.pl\/index.php?rest_route=\/wp\/v2\/pages"}],"about":[{"href":"https:\/\/klub.nautica.poznan.pl\/index.php?rest_route=\/wp\/v2\/types\/page"}],"author":[{"embeddable":true,"href":"https:\/\/klub.nautica.poznan.pl\/index.php?rest_route=\/wp\/v2\/users\/1"}],"replies":[{"embeddable":true,"href":"https:\/\/klub.nautica.poznan.pl\/index.php?rest_route=%2Fwp%2Fv2%2Fcomments&post=3055"}],"version-history":[{"count":4,"href":"https:\/\/klub.nautica.poznan.pl\/index.php?rest_route=\/wp\/v2\/pages\/3055\/revisions"}],"predecessor-version":[{"id":4367,"href":"https:\/\/klub.nautica.poznan.pl\/index.php?rest_route=\/wp\/v2\/pages\/3055\/revisions\/4367"}],"wp:attachment":[{"href":"https:\/\/klub.nautica.poznan.pl\/index.php?rest_route=%2Fwp%2Fv2%2Fmedia&parent=3055"}],"curies":[{"name":"wp","href":"https:\/\/api.w.org\/{rel}","templated":true}]}}