{"id":3366,"date":"2015-05-19T13:23:05","date_gmt":"2015-05-19T11:23:05","guid":{"rendered":"http:\/\/klub.nautica.poznan.pl\/?page_id=3366"},"modified":"2015-05-19T13:23:05","modified_gmt":"2015-05-19T11:23:05","slug":"club-members-only","status":"publish","type":"page","link":"https:\/\/klub.nautica.poznan.pl\/?page_id=3366","title":{"rendered":"Club Members Only"},"content":{"rendered":"<div class=\"page-restrict-output\"><p>Witamy w Klubie Nurkowym Nautica Pozna\u0144<\/p>\n<p>Na poni\u017cszych stronach znajdziesz:<br \/>\n&#8211; opracowane i przygotowane przez nas pomoce nurkowe<br \/>\n&#8211; aplikacje nurkowe<br \/>\n&#8211; linki do zdj\u0119\u0107 i film\u00f3w z wyjazd\u00f3w<br \/>\noraz wiele innych<\/p>\n<p>\u017byczymy mi\u0142ej lektury i bezpiecznych nurkowa\u0144 :)<\/p>\n<fb:like href='https:\/\/klub.nautica.poznan.pl\/?page_id=3366' send='true' layout='standard' show_faces='true' width='450' height='65' action='like' colorscheme='light' font='lucida grande'><\/fb:like><\/div>","protected":false},"excerpt":{"rendered":"<div class=\"page-restrict-output\"><p>Witamy w Klubie Nurkowym Nautica Pozna\u0144<br \/>\nNa poni\u017cszych stronach znajdziesz:<br \/>\n&#8211; opracowane i przygotowane przez nas pomoce nurkowe<br \/>\n&#8211; aplikacje nurkowe<br \/>\n&#8211; linki do zdj\u0119\u0107 i film\u00f3w z wyjazd\u00f3w<br \/>\noraz wiele innych<br \/>\n\u017byczymy mi\u0142ej lektury i bezpiecznych nurkowa\u0144 :)<\/p>\n<\/div>","protected":false},"author":4,"featured_media":0,"parent":0,"menu_order":0,"comment_status":"open","ping_status":"closed","template":"","meta":{"ngg_post_thumbnail":0},"_links":{"self":[{"href":"https:\/\/klub.nautica.poznan.pl\/index.php?rest_route=\/wp\/v2\/pages\/3366"}],"collection":[{"href":"https:\/\/klub.nautica.poznan.pl\/index.php?rest_route=\/wp\/v2\/pages"}],"about":[{"href":"https:\/\/klub.nautica.poznan.pl\/index.php?rest_route=\/wp\/v2\/types\/page"}],"author":[{"embeddable":true,"href":"https:\/\/klub.nautica.poznan.pl\/index.php?rest_route=\/wp\/v2\/users\/4"}],"replies":[{"embeddable":true,"href":"https:\/\/klub.nautica.poznan.pl\/index.php?rest_route=%2Fwp%2Fv2%2Fcomments&post=3366"}],"version-history":[{"count":1,"href":"https:\/\/klub.nautica.poznan.pl\/index.php?rest_route=\/wp\/v2\/pages\/3366\/revisions"}],"predecessor-version":[{"id":3367,"href":"https:\/\/klub.nautica.poznan.pl\/index.php?rest_route=\/wp\/v2\/pages\/3366\/revisions\/3367"}],"wp:attachment":[{"href":"https:\/\/klub.nautica.poznan.pl\/index.php?rest_route=%2Fwp%2Fv2%2Fmedia&parent=3366"}],"curies":[{"name":"wp","href":"https:\/\/api.w.org\/{rel}","templated":true}]}}