{"id":3381,"date":"2015-05-26T10:18:22","date_gmt":"2015-05-26T08:18:22","guid":{"rendered":"http:\/\/klub.nautica.poznan.pl\/?page_id=3381"},"modified":"2015-05-26T12:00:52","modified_gmt":"2015-05-26T10:00:52","slug":"pomoce-nurkowe","status":"publish","type":"page","link":"https:\/\/klub.nautica.poznan.pl\/?page_id=3381","title":{"rendered":"Jezioro Powidzkie"},"content":{"rendered":"<div class=\"page-restrict-output\"><p>Pomoce nurkowe dost\u0119pne s\u0105 w plikach PDF<\/p>\n<p>1. Mapa Nurkowiska &#8211; Jezioro Powidzkie, miejscowo\u015b\u0107 Kosewo (wersja na niebieskim tle):<br \/>\n<a href=\"https:\/\/klub.nautica.poznan.pl\/wp-content\/uploads\/2015\/05\/mapa-nurkowiska-powidz-kolor.pdf\">mapa nurkowiska powidz kolor<\/a><\/p>\n<p>2. Mapa Nurkowiska &#8211; Jezioro Powidzkie, miejscowo\u015b\u0107 Kosewo (wersja na bia\u0142ym tle):<br \/>\n<a href=\"https:\/\/klub.nautica.poznan.pl\/wp-content\/uploads\/2015\/05\/mapa-nurkowiska-powidz-biala.pdf\">mapa nurkowiska powidz biala<\/a><\/p>\n<p>3. Plan ratunkowy Jezioro Powidzkie, miejscowo\u015b\u0107 Kosewo<br \/>\n<a href=\"https:\/\/klub.nautica.poznan.pl\/wp-content\/uploads\/2015\/05\/plan-ratunkowy-powidz-str-1.pdf\">plan ratunkowy powidz str 1<\/a><br \/>\n<a href=\"https:\/\/klub.nautica.poznan.pl\/wp-content\/uploads\/2015\/05\/plan-ratunkowy-powidz-str-2.pdf\">plan ratunkowy powidz str 2<\/a><\/p>\n<p>&nbsp;<\/p>\n<fb:like href='https:\/\/klub.nautica.poznan.pl\/?page_id=3381' send='true' layout='standard' show_faces='true' width='450' height='65' action='like' colorscheme='light' font='lucida grande'><\/fb:like><\/div>","protected":false},"excerpt":{"rendered":"<div class=\"page-restrict-output\"><p>Pomoce nurkowe dost\u0119pne s\u0105 w plikach PDF<br \/>\n1. Mapa Nurkowiska &#8211; Jezioro Powidzkie, miejscowo\u015b\u0107 Kosewo (wersja na niebieskim tle):<br \/>\nmapa nurkowiska powidz kolor<br \/>\n2. Mapa Nurkowiska &#8211; Jezioro Powidzkie, miejscowo\u015b\u0107 Kosewo (wersja na bia\u0142ym tle):<br \/>\nmapa nurkowiska powidz biala<br \/>\n3. Plan ratunkowy Jezioro Powidzkie, miejscowo\u015b\u0107 Kosewo<br \/>\nplan ratunkowy powidz str 1<br \/>\nplan ratunkowy powidz str 2<br \/>\n&nbsp;<\/p>\n<\/div>","protected":false},"author":4,"featured_media":0,"parent":3366,"menu_order":0,"comment_status":"open","ping_status":"closed","template":"","meta":{"ngg_post_thumbnail":0},"_links":{"self":[{"href":"https:\/\/klub.nautica.poznan.pl\/index.php?rest_route=\/wp\/v2\/pages\/3381"}],"collection":[{"href":"https:\/\/klub.nautica.poznan.pl\/index.php?rest_route=\/wp\/v2\/pages"}],"about":[{"href":"https:\/\/klub.nautica.poznan.pl\/index.php?rest_route=\/wp\/v2\/types\/page"}],"author":[{"embeddable":true,"href":"https:\/\/klub.nautica.poznan.pl\/index.php?rest_route=\/wp\/v2\/users\/4"}],"replies":[{"embeddable":true,"href":"https:\/\/klub.nautica.poznan.pl\/index.php?rest_route=%2Fwp%2Fv2%2Fcomments&post=3381"}],"version-history":[{"count":6,"href":"https:\/\/klub.nautica.poznan.pl\/index.php?rest_route=\/wp\/v2\/pages\/3381\/revisions"}],"predecessor-version":[{"id":3391,"href":"https:\/\/klub.nautica.poznan.pl\/index.php?rest_route=\/wp\/v2\/pages\/3381\/revisions\/3391"}],"up":[{"embeddable":true,"href":"https:\/\/klub.nautica.poznan.pl\/index.php?rest_route=\/wp\/v2\/pages\/3366"}],"wp:attachment":[{"href":"https:\/\/klub.nautica.poznan.pl\/index.php?rest_route=%2Fwp%2Fv2%2Fmedia&parent=3381"}],"curies":[{"name":"wp","href":"https:\/\/api.w.org\/{rel}","templated":true}]}}