{"id":54,"date":"2011-03-10T16:39:17","date_gmt":"2011-03-10T16:39:17","guid":{"rendered":"http:\/\/www.redlizard.eu\/n\/?page_id=54"},"modified":"2018-01-30T15:00:37","modified_gmt":"2018-01-30T14:00:37","slug":"statut-2","status":"publish","type":"page","link":"https:\/\/klub.nautica.poznan.pl\/?page_id=54","title":{"rendered":"Statut"},"content":{"rendered":"<div class=\"page-restrict-output\"><p style=\"text-align: center;\"><strong>STATUT KLUBU NURKOWEGO NAUTICA POZNA\u0143<\/strong><br \/>\n<strong> Uchwalony dnia 11 sierpnia 2005 r. z p\u00f3\u017an. zm.<\/strong><br \/>\n<strong> (tekst jednolity z dnia 20.02.2015 r.)<\/strong><\/p>\n<p><strong>I. Postanowienia og\u00f3lne.<\/strong><\/p>\n<p><strong>Art. 1.<\/strong> Klub Nurkowy Nautica Pozna\u0144 zwany dalej Klubem jest dobrowolnym, samorz\u0105dnym i trwa\u0142ym stowarzyszeniem o celach niezarobkowych, zrzeszaj\u0105cym osoby fizyczne prowadz\u0105ce dzia\u0142ania na rzecz nurkowania, podnoszenia wiedzy i kwalifikacji nurkowych, budowania kole\u017ce\u0144skiej atmosfery oraz kszta\u0142towania systemu warto\u015bci etycznych m\u0142odzie\u017cy poprzez nurkowanie.<\/p>\n<p><strong>Art. 2.<\/strong> Klub dzia\u0142a na podstawie ustawy z dnia 7 kwietnia 1989 r. &#8211; Prawo o stowarzyszeniach i posiada osobowo\u015b\u0107 prawn\u0105. Klub powo\u0142uje si\u0119 na czas nieokre\u015blony.<\/p>\n<p><strong>Art. 3.<\/strong> Terenem dzia\u0142ania Klubu jest obszar Rzeczypospolitej Polskiej i inne obszary nurkowe \u015bwiata, a jego siedzib\u0105 jest miasto Pozna\u0144.<\/p>\n<p><strong>Art. 4.<\/strong> Klub zasadniczo opiera sw\u0105 dzia\u0142alno\u015b\u0107 na pracy spo\u0142ecznej jego cz\u0142onk\u00f3w; co nie stoi na przeszkodzie zatrudnianiu do prowadzenia swoich spraw tak\u017ce pracownik\u00f3w.<\/p>\n<p><strong>Art. 5.<\/strong> Klub mo\u017ce zg\u0142asza\u0107 swoj\u0105 przynale\u017cno\u015b\u0107 do ka\u017cdej organizacji mi\u0119dzynarodowej, o ile nie narusza to obowi\u0105zuj\u0105cych przepis\u00f3w, a tak\u017ce um\u00f3w mi\u0119dzynarodowych, kt\u00f3rych Rzeczpospolita Polska jest stron\u0105.<\/p>\n<p><strong>II. Cele i sposoby ich realizacji.<\/strong><\/p>\n<p><strong>Art. 6.<\/strong> Zasadniczym celem Klubu jest:<br \/>\n1) rozpowszechnianie w szerokim otoczeniu wiedzy o nurkowaniu jako formie rekreacji,<br \/>\n2) szkolenie i rozwijanie umiej\u0119tno\u015bci nurkowych, propagowanie profesjonalnego podej\u015bcia do nurkowania,<br \/>\n3) rozwijanie i promocja wiedzy o \u015brodowisku wodnym, osi\u0105gni\u0119ciach i nowo\u015bciach w technice nurkowej oraz nowych formach i programach szkoleniowych stosowanych na ca\u0142ym \u015bwiecie ,<br \/>\n4) propagowanie nurkowania w \u015brodowisku os\u00f3b niepe\u0142nosprawnych jako formy aktywnej rehabilitacji,<br \/>\n4)&#8217; dzia\u0142alno\u015b\u0107 na rzecz integracji spo\u0142ecznej os\u00f3b niepe\u0142nosprawnych i pe\u0142nosprawnych poprzez aktywno\u015b\u0107 fizyczn\u0105 jak\u0105 jest nurkowanie,<br \/>\n5) popularyzowanie wiedzy o szeroko poj\u0119tej ekologii i ochronie wyst\u0119puj\u0105cych w \u015brodowisku wodnym zwierz\u0105t i ro\u015blin,<br \/>\n5)&#8217; popularyzowanie wiedzy o podwodnych obiektach archeologicznych i wrakach,<br \/>\n6) integracja cz\u0142onk\u00f3w klubu maj\u0105ca na celu ustawiczne kszta\u0142towanie kole\u017ce\u0144skiej atmosfery,<br \/>\n7) dzia\u0142alno\u015b\u0107 na rzecz ochrony i promocji zdrowia oraz propagowania zasad bezpiecznego nurkowania i ratownictwa wodnego,<br \/>\n8) promocja nurkowania jako formy aktywnego wypoczynku dzieci i m\u0142odzie\u017cy,<br \/>\n9) odkrywanie i rozpowszechnianie informacji o nowych miejscach turystyki nurkowej w kraju i poza jego granicami,<br \/>\n10) nawi\u0105zywanie kontakt\u00f3w i rozwijanie wsp\u00f3\u0142pracy z innymi klubami nurkowymi na ca\u0142ym \u015bwiecie.<\/p>\n<p><strong>Art. 7.<\/strong> Klub realizuje swoje cele w szczeg\u00f3lno\u015bci przez:<br \/>\n1) organizowanie i prowadzenie przedsi\u0119wzi\u0119\u0107 nurkowych zgodnych z obowi\u0105zuj\u0105cymi przepisami i zasadami bezpiecznego nurkowania,<br \/>\n2) wsp\u00f3\u0142prac\u0119 z osobami niepe\u0142nosprawnymi poprzez organizowane szkolenia i popularyzacj\u0119 nurkowania w tym \u015brodowisku, zw\u0142aszcza jako form\u0119 rehabilitacji,<br \/>\n3) prowadzenie dzia\u0142a\u0144 w zakresie szeroko rozumianej ekologii.<br \/>\n4) popularyzacj\u0119 wiedzy o nurkowaniu poprzez konferencje, seminaria, odczyty, wyk\u0142ady, pokazy, wystawy, spotkania, kursy, szkolenia, publikacje itp.,<br \/>\n5) tworzenie grup zadaniowych,<br \/>\n6) wsp\u00f3\u0142prac\u0119 z innymi instytucjami, organizacjami, podmiotami gospodarczymi, kt\u00f3rych cele s\u0105 zbli\u017cone do cel\u00f3w Klubu lub kt\u00f3re pragn\u0105 je wspiera\u0107,<br \/>\n7) poradnictwo w zakresie nurkowania dla kursant\u00f3w, rodzic\u00f3w, instruktor\u00f3w i wszystkich innych zainteresowanych,<br \/>\n8) wspieranie inicjatyw, bada\u0144 i prac podejmowanych w dziedzinie nurkowania,<br \/>\n9) prowadzenie dzia\u0142alno\u015bci gospodarczej i wydawniczej,<br \/>\n10) zajmowanie stanowisk oraz wyra\u017canie opinii w sprawach dotycz\u0105cych nurkowania,<br \/>\n11) organizowanie oboz\u00f3w, wycieczek i wyjazd\u00f3w nurkowych.<\/p>\n<p><strong>III. Cz\u0142onkowie, ich prawa i obowi\u0105zki.<\/strong><\/p>\n<p><strong>Art. 8.<\/strong> Cz\u0142onkostwo klubu r\u00f3\u017cnicuje si\u0119 na:<br \/>\n1) zwyczajne<br \/>\n2)\u00a0honorowe<\/p>\n<p><strong>Art. 9.<\/strong> Cz\u0142onkiem zwyczajnym mo\u017ce by\u0107 zar\u00f3wno obywatel Rzeczypospolitej Polskiej jak i cudzoziemiec na zasadach przewidzianych w ustawie z dnia 7 kwietnia 1989 r. &#8211; Prawo o stowarzyszeniach, posiadaj\u0105cy licencj\u0119 nurkow\u0105, w tym:<br \/>\n1) osoby pe\u0142noletnie, posiadaj\u0105ce pe\u0142n\u0105 zdolno\u015b\u0107 do czynno\u015bci prawnych i niepozbawione praw publicznych,<br \/>\n2) osoby ma\u0142oletnie od 16 do 18 lat posiadaj\u0105ce ograniczon\u0105 zdolno\u015b\u0107 do czynno\u015bci prawnych,<br \/>\n3) ma\u0142oletni poni\u017cej 16 lat za zgod\u0105 przedstawicieli ustawowych, bez czynnego i biernego prawa wyborczego do w\u0142adz Klubu oraz bez prawa udzia\u0142u w g\u0142osowaniach na Walnym Zgromadzeniu.<\/p>\n<p><strong>Art. 10.<\/strong> 1. Cz\u0142onkiem zwyczajnym staje si\u0119 osoba, kt\u00f3ra:<br \/>\n1) z\u0142o\u017cy\u0142a osobi\u015bcie wype\u0142nion\u0105 i podpisan\u0105 deklaracj\u0119 cz\u0142onkowsk\u0105 wed\u0142ug wzoru stanowi\u0105cego za\u0142\u0105cznik do niniejszego statutu,<br \/>\n2) zosta\u0142a przyj\u0119ta uchwa\u0142\u0105 Zarz\u0105du Klubu w poczet cz\u0142onk\u00f3w stowarzyszenia,<br \/>\n3) ui\u015bci\u0142a op\u0142at\u0119 wpisow\u0105.<br \/>\nPrzyj\u0119cie w szeregi Klubu nowego cz\u0142onka potwierdza si\u0119 podpisami dw\u00f3ch cz\u0142onk\u00f3w Zarz\u0105du z\u0142o\u017conymi na deklaracji cz\u0142onkowskiej z zamieszczeniem daty przyj\u0119cia.<br \/>\n2. Od decyzji odmownej w sprawie przyj\u0119cia do Klubu zainteresowanemu przys\u0142uguje odwo\u0142anie z\u0142o\u017cone w formie pisemnej do Walnego Zgromadzenia.<\/p>\n<p><strong>Art. 11.<\/strong> 1. Cz\u0142onkowie zwyczajni mog\u0105 w szczeg\u00f3lno\u015bci:<br \/>\n1) bra\u0107 udzia\u0142 w g\u0142osowaniach na Walnym Zgromadzeniu,<br \/>\n2) wybiera\u0107 i by\u0107 wybieranym do w\u0142adz Klubu,<br \/>\n3) zg\u0142asza\u0107 wnioski i postulaty dotycz\u0105ce dzia\u0142alno\u015bci Klubu,<br \/>\n4) sk\u0142ada\u0107 wyja\u015bnienia we wszystkich przypadkach, w kt\u00f3rych w\u0142adze Klubu maj\u0105 podj\u0105\u0107 uchwa\u0142y dotycz\u0105ce jego osoby i odwo\u0142ywa\u0107 si\u0119 od tych uchwa\u0142 do Walnego Zgromadzenia. Odwo\u0142anie nale\u017cy wnie\u015b\u0107 na pi\u015bmie w terminie 14 dni od dnia ich dor\u0119czenia.<br \/>\n5) korzysta\u0107 z urz\u0105dze\u0144 i pomocy Klubu, zgodnie z celami statutowymi i regulaminami.<br \/>\n2. Przepisy pkt. 1 i 2 nie odnosz\u0105 si\u0119 do os\u00f3b ma\u0142oletnich poni\u017cej 16 roku \u017cycia, kt\u00f3rym uprawnienia te nie przys\u0142uguj\u0105.<\/p>\n<p><strong>Art. 12.<\/strong> Do obowi\u0105zk\u00f3w cz\u0142onka zwyczajnego nale\u017cy w szczeg\u00f3lno\u015bci:<br \/>\n1) przestrzeganie postanowie\u0144 statutu a tak\u017ce opartych na statucie regulamin\u00f3w i uchwa\u0142 w\u0142adz Klubu,<br \/>\n2) czynne uczestnictwo w realizacji cel\u00f3w statutowych Klubu,<br \/>\n3) regularne op\u0142acanie sk\u0142adek cz\u0142onkowskich na zasadach i w wysoko\u015bci okre\u015blonej uchwa\u0142\u0105 Zarz\u0105du.<\/p>\n<p><strong>Art. 13.<\/strong> Przyjacielem Klubu, zostaje na warunkach ustalonych przez Zarz\u0105d, osoba fizyczna lub prawna, kt\u00f3ra przeka\u017ce darowizn\u0119 na rzecz Klubu.<\/p>\n<p><strong>Art. 14.<\/strong>\u00a0Tytu\u0142 honorowego cz\u0142onka\u00a0Klubu nadaje Zarz\u0105d. Kryteria nadania tytu\u0142u okre\u015bla Regulamin Klubu.<\/p>\n<p><strong>Art. 15.<\/strong> 1.Cz\u0142onkostwo w Klubie ustaje na skutek:<br \/>\n1) dobrowolnego wyst\u0105pienia przed\u0142o\u017conego na pi\u015bmie Zarz\u0105dowi,<br \/>\n2) \u015bmierci cz\u0142onka Klubu.<br \/>\n3) skre\u015blenia z listy cz\u0142onk\u00f3w na skutek nie p\u0142acenia sk\u0142adek cz\u0142onkowskich przez okres ustalony w odpowiedniej uchwale Zarz\u0105du, po uprzednim upomnieniu. Skre\u015blenie nast\u0119puje na podstawie uchwa\u0142y Zarz\u0105du,<br \/>\n4) wykluczenia uchwa\u0142\u0105 Zarz\u0105du z powodu nie przestrzegania zasad wsp\u00f3\u0142\u017cycia kole\u017ce\u0144skiego, postanowie\u0144 statutu a tak\u017ce uchwa\u0142 w\u0142adz Klubu lub dzia\u0142ania na szkod\u0119 Klubu,<br \/>\n5) utraty osobowo\u015bci prawnej przez cz\u0142onka wspieraj\u0105cego b\u0119d\u0105cego osob\u0105 prawn\u0105,<br \/>\n6) utraty zdolno\u015bci do czynno\u015bci prawnych osobami tak\u017ce pozbawienia praw publicznych cz\u0142onk\u00f3w b\u0119d\u0105cych osobami fizycznymi.<br \/>\n2. O skre\u015bleniu lub wykluczeniu cz\u0142onka Zarz\u0105d niezw\u0142ocznie powiadamia zainteresowanego listem polecony na adres wskazany w deklaracji.<br \/>\n3. Od uchwa\u0142y Zarz\u0105du przys\u0142uguje w przedmiocie skre\u015blenia lub wykluczenia zainteresowanemu pisemne odwo\u0142anie do Walnego Zgromadzenia, w terminie 14 dni od dnia dor\u0119czenia powiadomienia.<br \/>\n4. Walne Zgromadzenie mo\u017ce podj\u0105\u0107 uchwa\u0142\u0119 o przywr\u00f3ceniu cz\u0142onkostwa bezwzgl\u0119dn\u0105 wi\u0119kszo\u015bci\u0105 2\/3 g\u0142os\u00f3w.<\/p>\n<p><strong>Art. 16.<\/strong> W uzasadnionych przypadkach, na wniosek cz\u0142onka Klubu, Zarz\u0105d mo\u017ce podj\u0105\u0107 uchwa\u0142\u0119 o zawieszeniu go w jego prawach i obowi\u0105zkach, z okre\u015bleniem czasu, na jaki zosta\u0142 zawieszony.<\/p>\n<p><strong>IV. W\u0142adze Klubu.<\/strong><\/p>\n<p><strong>Art. 17.<\/strong> W\u0142adzami Klubu s\u0105:<br \/>\n1) Walne Zgromadzenie,<br \/>\n2) Zarz\u0105d,<br \/>\n3) Komisja Rewizyjna.<\/p>\n<p><strong>Art. 18.<\/strong> 1. Najwy\u017csz\u0105 w\u0142adz\u0105 Klubu jest Walne Zgromadzenie, kt\u00f3re mo\u017ce obradowa\u0107 na posiedzeniach zwyczajnych lub nadzwyczajnych.<br \/>\n2. Walne Zgromadzenie tworz\u0105 cz\u0142onkowie Klubu.<br \/>\n3. Cz\u0142onek Klubu mo\u017ce bra\u0107 udzia\u0142 w Walnym Zgromadzeniu osobi\u015bcie lub przez pe\u0142nomocnika. Pe\u0142nomocnictwo musi by\u0107 udzielone w formie pisemnej i wy\u0142\u0105cznie cz\u0142onkowi Klubu.<br \/>\n4. W Walnym Zgromadzeniu mog\u0105 ponadto uczestniczy\u0107 zaproszeni przez Zarz\u0105d go\u015bcie.<\/p>\n<p><strong>Art. 19. <\/strong>Posiedzenia Walnego Zgromadzenia s\u0105 jawne.<\/p>\n<p><strong>Art. 20.<\/strong> 1. Zwyczajne Walne Zgromadzenie zwo\u0142uje Zarz\u0105d raz w roku jako sprawozdawcze i co 3 lata poczynaj\u0105c od roku 2006 jako sprawozdawczo-wyborcze, w terminie do dnia 15 maja ka\u017cdego roku.<br \/>\n2. Na Zarz\u0105dzie ci\u0105\u017cy obowi\u0105zek zawiadomienia pisemnego cz\u0142onk\u00f3w o terminie, miejscu odbycia i porz\u0105dku obrad, co najmniej na 21 dni przed terminem planowanego Walnego Zgromadzenia.<\/p>\n<p><strong>Art. 21.<\/strong> 1.Nadzwyczajne posiedzenie Walnego Zgromadzenia zwo\u0142uje Zarz\u0105d:<br \/>\n1) z w\u0142asnej inicjatywy,<br \/>\n2) na \u017c\u0105danie Komisji Rewizyjnej,<br \/>\n3) w odpowiedzi na pisemny wniosek co najmniej 1\/2 cz\u0142onk\u00f3w Klubu<br \/>\nnajp\u00f3\u017aniej w terminie 1 miesi\u0105ca od daty zg\u0142oszenia wniosku lub \u017c\u0105dania.<br \/>\n2. Na tak zwo\u0142anym nadzwyczajnym posiedzeniu Walne Zgromadzenie obraduje wy\u0142\u0105cznie nad sprawami, dla kt\u00f3rych zosta\u0142o zwo\u0142ane.<\/p>\n<p><strong>Art. 22.<\/strong> 1. Uchwa\u0142y Walnego Zgromadzenia zapadaj\u0105 zwyk\u0142\u0105 wi\u0119kszo\u015bci\u0105 g\u0142os\u00f3w przy obecno\u015bci, co najmniej po\u0142owy liczby cz\u0142onk\u00f3w uprawnionych do g\u0142osowania.<br \/>\n2. W razie braku przewidzianego w ust. 1. quorum, Zarz\u0105d Klubu jest uprawniony do wyznaczenia w tym samym dniu drugiego terminu Walnego Zgromadzenia. Uchwa\u0142y Walnego Zgromadzeni w drugim terminie zapadaj\u0105 zwyk\u0142\u0105 wi\u0119kszo\u015bci\u0105 g\u0142os\u00f3w wszystkich obecnych i uprawnionych do g\u0142osowania cz\u0142onk\u00f3w.<\/p>\n<p><strong>Art. 23.<\/strong> Do wy\u0142\u0105cznej kompetencji Walnego Zgromadzenia nale\u017cy:<br \/>\n1) wyb\u00f3r Zarz\u0105du oraz Komisji Rewizyjnej. Wyboru tych organ\u00f3w dokonuje si\u0119 na Walnym Zgromadzeniu sprawozdawczo-wyborczym lub na nadzwyczajnym Walnym Zgromadzeniu zwo\u0142anym w trybie okre\u015blonym w niniejszym statucie,<br \/>\n2) rozpatrywanie i opiniowanie sprawozda\u0144 z dzia\u0142alno\u015bci Zarz\u0105du i Komisji Rewizyjnej oraz udzielanie absolutorium cz\u0142onkom Zarz\u0105du,<br \/>\n3) nadawanie godno\u015bci cz\u0142onka honorowego,<br \/>\n4) podejmowanie uchwa\u0142 w sprawach zmian statutu lub rozwi\u0105zania Klubu,<br \/>\n5) rozpatrywanie odwo\u0142a\u0144 od uchwa\u0142 Zarz\u0105du w przypadkach okre\u015blonych w statucie,<br \/>\n6) podejmowanie decyzji o kupnie i zbyciu nieruchomo\u015bci.<\/p>\n<p><strong>Art. 24.<\/strong> 1. Kadencja w\u0142adz wybieralnych trwa 3 lata, a ich wyb\u00f3r odbywa si\u0119 na Walnym Zgromadzeniu cz\u0142onk\u00f3w, w g\u0142osowaniu tajnym.<br \/>\n2. Kadencja pierwszego Zarz\u0105du i pierwszej Komisji Rewizyjnej trwa do czasu wyboru nowych w\u0142adz na sprawozdawczo-wyborczym zwyczajnym Walnym Zgromadzeniu w 2006 roku.<br \/>\n3. Ukonstytuowanie nowo wybranych w\u0142adz nast\u0119puje nie p\u00f3\u017aniej ni\u017c w ci\u0105gu miesi\u0105ca od dnia wyboru.<br \/>\n4. Do czasu ukonstytuowania si\u0119 nowo wybranych w\u0142adz dzia\u0142aj\u0105 w\u0142adze poprzedniej kadencji.<\/p>\n<p><strong>Art. 25. <\/strong>1. Zarz\u0105d jest organem wykonawczym stowarzyszenia.<br \/>\n2. W jego sk\u0142ad wchodzi od 3 do 9 cz\u0142onk\u00f3w wybieranych spo\u015br\u00f3d cz\u0142onk\u00f3w Klubu, posiadaj\u0105cych odpowiednie prawa wyborcze, w tym wi\u0119kszo\u015b\u0107 z nich musz\u0105 stanowi\u0107 osoby posiadaj\u0105ce pe\u0142n\u0105 zdolno\u015b\u0107 do czynno\u015bci prawnych. Liczba os\u00f3b wchodz\u0105cych w sk\u0142ad Zarz\u0105du okre\u015blana jest uchwa\u0142\u0105 Walnego Zgromadzenia.<br \/>\n2?. Cz\u0142onkiem Zarz\u0105du nie mo\u017ce by\u0107 osoba skazana prawomocnym wyrokiem za przest\u0119pstwo umy\u015blne \u015bcigane z oskar\u017cenia publicznego lub przest\u0119pstwo skarbowe.<br \/>\n3. Spo\u015br\u00f3d wybranych os\u00f3b, Zarz\u0105d sam przydziela sprawowanie funkcji: prezesa, wiceprezesa, skarbnika.<br \/>\n4. Ka\u017cdy cz\u0142onek Zarz\u0105du mo\u017ce dobrowolnie zrzec si\u0119 pe\u0142nionej funkcji lub te\u017c zosta\u0107 odwo\u0142any uchwa\u0142\u0105 Walnego Zgromadzenie na jego posiedzeniu.<\/p>\n<p><strong>Art. 26. <\/strong>1. Do kompetencji Zarz\u0105du nale\u017cy w szczeg\u00f3lno\u015bci:<br \/>\n1) reprezentowanie Klubu na zewn\u0105trz i dzia\u0142anie w jego imieniu.<br \/>\n2) ustalanie drog\u0105 uchwa\u0142y zasad pobierania i wysoko\u015bci sk\u0142adki cz\u0142onkowskiej i op\u0142aty wpisowej,<br \/>\n3) kierowanie bie\u017c\u0105c\u0105 dzia\u0142alno\u015bci\u0105 Klubu,<br \/>\n4) uchwalanie plan\u00f3w dzia\u0142alno\u015bci Klubu zgodnie z celami Klubu i uchwa\u0142ami Walnego Zgromadzenia,<br \/>\n5) okre\u015blenie potrzeb finansowych, sporz\u0105dzanie preliminarzy i sprawozda\u0144 bud\u017cetowych oraz zarz\u0105dzanie maj\u0105tkiem i dysponowanie funduszami Klubu uzyskanymi z dzia\u0142alno\u015bci statutowej,<br \/>\n6) podejmowanie uchwa\u0142 o kupnie i zbyciu \u015brodk\u00f3w trwa\u0142ych,<br \/>\n7) podejmowanie uchwa\u0142 o przyj\u0119ciu cz\u0142onk\u00f3w zwyczajnych i wspieraj\u0105cych,<br \/>\n8) podejmowanie uchwa\u0142 o skre\u015bleniu i wykluczeniu cz\u0142onk\u00f3w zwyczajnych i wspieraj\u0105cych na wniosek Komisji Rewizyjnej lub z inicjatywy w\u0142asnej.<br \/>\n2. Do kompetencji Zarz\u0105du nale\u017c\u0105 tak\u017ce wszelkie inne sprawy niezastrze\u017cone dla w\u0142a\u015bciwo\u015bci Walnego Zgromadzenia i Komisji Rewizyjnej.<\/p>\n<p><strong>Art. 27.<\/strong> 1. Posiedzenia Zarz\u0105du odbywaj\u0105 si\u0119 w miar\u0119 potrzeb, nie rzadziej jednak ni\u017c raz w miesi\u0105cu. W posiedzeniach Zarz\u0105du mo\u017ce bra\u0107 udzia\u0142 z g\u0142osem doradczym przedstawiciel Komisji Rewizyjnej.<br \/>\n2. Posiedzenia zwo\u0142uje i prowadzi prezes, wiceprezes lub osoba przez nich wyznaczona.<br \/>\n3. Dla wa\u017cno\u015bci uchwa\u0142 Zarz\u0105du konieczna jest obecno\u015b\u0107 co najmniej po\u0142owy og\u00f3lnej liczby jego cz\u0142onk\u00f3w.<br \/>\n4. Uchwa\u0142y zapadaj\u0105 zwyk\u0142\u0105 wi\u0119kszo\u015bci\u0105 g\u0142os\u00f3w w g\u0142osowaniu jawnym. W przypadku r\u00f3wno\u015bci g\u0142os\u00f3w przewa\u017ca g\u0142os prowadz\u0105cego posiedzenie Zarz\u0105du.<br \/>\n5. Z posiedzenia zarz\u0105du sporz\u0105dza si\u0119 protok\u00f3\u0142.<\/p>\n<p><strong>Art. 28.<\/strong> 1.Komisja Rewizyjna sk\u0142ada si\u0119 z 3 cz\u0142onk\u00f3w, spo\u015br\u00f3d kt\u00f3rych wybiera przewodnicz\u0105cego.<br \/>\n2. Do kompetencji Komisji Rewizyjnej nale\u017cy w szczeg\u00f3lno\u015bci:<br \/>\n1) kontrolowanie, co najmniej raz w roku ca\u0142okszta\u0142tu dzia\u0142alno\u015bci Klubu,<br \/>\n2) wyst\u0119powanie do Zarz\u0105du z wnioskami wynikaj\u0105cymi z ustale\u0144 kontroli i \u017c\u0105daniem wyja\u015bnie\u0144,<br \/>\n3) sk\u0142adanie wniosku o zwo\u0142anie nadzwyczajnego Walnego Zgromadzenia,<br \/>\n4) przedk\u0142adanie Walnemu Zgromadzeniu sprawozda\u0144 ze swojej dzia\u0142alno\u015bci,<br \/>\n5) wyst\u0119powanie z wnioskiem o udzielenie absolutorium Zarz\u0105dowi,<br \/>\n6) zwr\u00f3cenie si\u0119 z wnioskiem do Zarz\u0105du o wykluczenie cz\u0142onka zwyczajnego.<br \/>\n3. Cz\u0142onkowie Komisji Rewizyjnej s\u0105 w sprawowaniu swoich funkcji niezale\u017cni.<br \/>\n4. Cz\u0142onek Komisji Rewizyjnej nie mo\u017ce jednocze\u015bnie pe\u0142ni\u0107 funkcji cz\u0142onka Zarz\u0105du ani pozostawa\u0107 z cz\u0142onkiem Zarz\u0105du w zwi\u0105zku ma\u0142\u017ce\u0144skim, we wsp\u00f3lnym po\u017cyciu, w stosunku pokrewie\u0144stwa, powinowactwa lub podleg\u0142o\u015bci s\u0142u\u017cbowej.<br \/>\n5. Cz\u0142onkiem Komisji Rewizyjnej nie mo\u017ce by\u0107 osoba skazana prawomocnym wyrokiem za przest\u0119pstwo umy\u015blne \u015bcigane z oskar\u017cenia publicznego lub przest\u0119pstwo skarbowe.<\/p>\n<p><strong>Art. 29.<\/strong> W przypadku ust\u0105pienia w czasie trwania kadencji cz\u0142onk\u00f3w Zarz\u0105du lub Komisji Rewizyjnej, organom tym przys\u0142uguje prawo kooptacji z tym, \u017ce liczba os\u00f3b dokooptowanych nie mo\u017ce przekracza\u0107 1\/3 statutowej liczby cz\u0142onk\u00f3w.<\/p>\n<p><strong>V. Maj\u0105tek Klubu.<\/strong><\/p>\n<p><strong>Art. 30.<\/strong> 1. Maj\u0105tek Klubu stanowi\u0105: nieruchomo\u015bci, ruchomo\u015bci, a tak\u017ce warto\u015bci niematerialne i prawne oraz fundusze.<br \/>\n2. Na fundusze sk\u0142adaj\u0105 si\u0119:<br \/>\n1) wp\u0142ywy ze sk\u0142adek cz\u0142onkowskich,<br \/>\n2) dotacje, darowizny, spadki, zapisy,<br \/>\n3) wp\u0142ywy z dzia\u0142alno\u015bci statutowej,<br \/>\n4) dochody uzyskane z dzia\u0142alno\u015bci gospodarczej prowadzonej zgodnie z obowi\u0105zuj\u0105cymi w tym zakresie przepisami,<br \/>\n5) dochody uzyskane z maj\u0105tku Klubu oraz z ofiarno\u015bci publicznej.<\/p>\n<p><strong>Art. 31.<\/strong> 1. O\u015bwiadczenia woli w imieniu Klubu sk\u0142adaj\u0105 dwaj cz\u0142onkowie Zarz\u0105du lub jeden cz\u0142onek zarz\u0105du i osoba przez Zarz\u0105d do tego upowa\u017cniona, na pi\u015bmie zamieszczaj\u0105c jednocze\u015bnie swoje podpisy pod nazw\u0105 Klubu.<br \/>\n2. Zarz\u0105d mo\u017ce udzieli\u0107 jednemu z cz\u0142onk\u00f3w Zarz\u0105du lub innej osobie pe\u0142nomocnictwa do dokonywania czynno\u015bci prawnych okre\u015blonego rodzaju lub czynno\u015bci szczeg\u00f3lnych, zwi\u0105zanych z bie\u017c\u0105c\u0105 dzia\u0142alno\u015bci\u0105 Klubu.<\/p>\n<p><strong>Art. 311<\/strong>. W\u0142adze Klubu, w rozumieniu art. 17, nie maj\u0105 prawa do:<br \/>\n1). udzielania po\u017cyczek lub zabezpieczania zobowi\u0105za\u0144 maj\u0105tkiem Klubu w stosunku do jego cz\u0142onk\u00f3w, cz\u0142onk\u00f3w organ\u00f3w Klubu lub pracownik\u00f3w Klubu oraz os\u00f3b, z kt\u00f3rymi cz\u0142onkowie, cz\u0142onkowie organ\u00f3w Klubu oraz pracownicy Klubu pozostaj\u0105 w zwi\u0105zku ma\u0142\u017ce\u0144skim, we wsp\u00f3lnym po\u017cyciu albo w stosunku pokrewie\u0144stwa lub powinowactwa w linii prostej, pokrewie\u0144stwa lub powinowactwa w linii bocznej do drugiego stopnia albo s\u0105 zwi\u0105zani z tytu\u0142u przysposobienia, opieki lub kurateli, zwanych dalej &#8222;osobami bliskimi&#8221;,<br \/>\n2). przekazywania maj\u0105tku Klubu na rzecz jego cz\u0142onk\u00f3w, cz\u0142onk\u00f3w organ\u00f3w Klubu lub pracownik\u00f3w Klubu oraz ich os\u00f3b bliskich, na zasadach innych ni\u017c w stosunku do os\u00f3b trzecich, w szczeg\u00f3lno\u015bci je\u017celi przekazanie to nast\u0119puje bezp\u0142atnie lub na preferencyjnych warunkach,<br \/>\n3). wykorzystywania maj\u0105tku na rzecz cz\u0142onk\u00f3w Klubu, cz\u0142onk\u00f3w organ\u00f3w Klubu lub pracownik\u00f3w Klubu oraz ich os\u00f3b bliskich na zasadach innych ni\u017c w stosunku do os\u00f3b trzecich, chyba \u017ce to wykorzystanie bezpo\u015brednio wynika ze statutowego celu Klubu,<br \/>\n4). zakupu towar\u00f3w lub us\u0142ug od podmiot\u00f3w, w kt\u00f3rych uczestnicz\u0105 cz\u0142onkowie Klubu, cz\u0142onkowie organ\u00f3w Klubu lub pracownicy Klubu oraz ich os\u00f3b bliskich, na zasadach innych ni\u017c w stosunku do os\u00f3b trzecich lub po cenach wy\u017cszych ni\u017c rynkowe.<\/p>\n<p><strong>VI. Zmiana statutu i rozwi\u0105zanie Klubu.<\/strong><\/p>\n<p><strong>Art. 32.<\/strong> Uchwa\u0142\u0119 w sprawie zmiany statutu podejmuje Walne Zgromadzenie bezwzgl\u0119dn\u0105 wi\u0119kszo\u015bci\u0105 g\u0142os\u00f3w, w obecno\u015bci co najmniej po\u0142owy cz\u0142onk\u00f3w uprawnionych do g\u0142osowania.<\/p>\n<p><strong>Art. 33.<\/strong> 1. Uchwa\u0142\u0119 w sprawie rozwi\u0105zania Klubu podejmuje Walne Zgromadzenie wi\u0119kszo\u015bci\u0105 3\/4 g\u0142os\u00f3w przy obecno\u015bci, co najmniej 2\/3 cz\u0142onk\u00f3w uprawnionych do g\u0142osowania.<br \/>\n2. W przypadku niepodj\u0119cia takiej uchwa\u0142y, na odr\u0119bnym posiedzeniu Walnego Zgromadzenia mo\u017cna przeprowadzi\u0107 ponowne g\u0142osowanie, ale bez wzgl\u0119du na liczb\u0119 obecnych.<br \/>\n3. W przypadku podj\u0119cia uchwa\u0142y o rozwi\u0105zaniu si\u0119 Klubu, Walne Zgromadzenie decyduje o przeznaczeniu maj\u0105tku Klubu i powo\u0142uje Komisj\u0119 Likwidacyjn\u0105.<\/p>\n<p><strong>VII. Postanowienia ko\u0144cowe.<\/strong><\/p>\n<p><strong>Art. 34.<\/strong> Klub Nurkowy Nautica Pozna\u0144 uzyskuje osobowo\u015b\u0107 prawn\u0105 z chwil\u0105 wpisu do w\u0142a\u015bciwego rejestru.<\/p>\n<p><strong>Art. 35.<\/strong> Statut wchodzi w \u017cycie z dniem jego uchwalenia.<\/p>\n<fb:like href='https:\/\/klub.nautica.poznan.pl\/?page_id=54' send='true' layout='standard' show_faces='true' width='450' height='65' action='like' colorscheme='light' font='lucida grande'><\/fb:like><\/div>","protected":false},"excerpt":{"rendered":"<div class=\"page-restrict-output\"><p>STATUT KLUBU NURKOWEGO NAUTICA POZNA\u0143<br \/>\n Uchwalony dnia 11 sierpnia 2005 r. z p\u00f3\u017an. zm.<br \/>\n (tekst jednolity z dnia 20.02.2015 r.)<br \/>\nI. Postanowienia og\u00f3lne.<br \/>\nArt. 1. Klub Nurkowy Nautica Pozna\u0144 zwany dalej Klubem jest dobrowolnym, samorz\u0105dnym i trwa\u0142ym stowarzyszeniem o celach niezarobkowych, zrzeszaj\u0105cym osoby fizyczne prowadz\u0105ce dzia\u0142ania na rzecz nurkowania, podnoszenia wiedzy i kwalifikacji nurkowych, budowania kole\u017ce\u0144skiej atmosfery [&#8230;]<\/p>\n<\/div>","protected":false},"author":1,"featured_media":0,"parent":5,"menu_order":1,"comment_status":"closed","ping_status":"open","template":"","meta":{"ngg_post_thumbnail":0},"_links":{"self":[{"href":"https:\/\/klub.nautica.poznan.pl\/index.php?rest_route=\/wp\/v2\/pages\/54"}],"collection":[{"href":"https:\/\/klub.nautica.poznan.pl\/index.php?rest_route=\/wp\/v2\/pages"}],"about":[{"href":"https:\/\/klub.nautica.poznan.pl\/index.php?rest_route=\/wp\/v2\/types\/page"}],"author":[{"embeddable":true,"href":"https:\/\/klub.nautica.poznan.pl\/index.php?rest_route=\/wp\/v2\/users\/1"}],"replies":[{"embeddable":true,"href":"https:\/\/klub.nautica.poznan.pl\/index.php?rest_route=%2Fwp%2Fv2%2Fcomments&post=54"}],"version-history":[{"count":8,"href":"https:\/\/klub.nautica.poznan.pl\/index.php?rest_route=\/wp\/v2\/pages\/54\/revisions"}],"predecessor-version":[{"id":3874,"href":"https:\/\/klub.nautica.poznan.pl\/index.php?rest_route=\/wp\/v2\/pages\/54\/revisions\/3874"}],"up":[{"embeddable":true,"href":"https:\/\/klub.nautica.poznan.pl\/index.php?rest_route=\/wp\/v2\/pages\/5"}],"wp:attachment":[{"href":"https:\/\/klub.nautica.poznan.pl\/index.php?rest_route=%2Fwp%2Fv2%2Fmedia&parent=54"}],"curies":[{"name":"wp","href":"https:\/\/api.w.org\/{rel}","templated":true}]}}