{"id":73,"date":"2011-03-10T21:12:36","date_gmt":"2011-03-10T21:12:36","guid":{"rendered":"http:\/\/www.redlizard.eu\/n\/?page_id=73"},"modified":"2021-09-17T11:48:02","modified_gmt":"2021-09-17T09:48:02","slug":"przylacz-sie","status":"publish","type":"page","link":"https:\/\/klub.nautica.poznan.pl\/?page_id=73","title":{"rendered":"Przy\u0142\u0105cz si\u0119 do nas"},"content":{"rendered":"<div class=\"page-restrict-output\"><p><strong>Jako cz\u0142onek Klubu mo\u017cesz korzysta\u0107 z wielu przywilej\u00f3w, mi\u0119dzy innymi s\u0105 to:<\/strong><\/p>\n<ul>\n<li>wsp\u00f3lne nurkowania i udzia\u0142 w wyjazdach nurkowych na ca\u0142ym \u015bwiecie w gronie znajomych<\/li>\n<li>udzia\u0142 w spotkaniach Klubu \u2013 w ka\u017cdy trzeci pi\u0105tek miesi\u0105ca o godzinie 19:00<\/li>\n<li>otrzymywanie powiadomie\u0144 e-mail o organizowanych przez Klub spotkaniach i nurkowaniach<\/li>\n<li>dost\u0119p do zak\u0142adki Club Members Only, w kt\u00f3rej znajduj\u0105 si\u0119 pomoce nurkowe, aplikacje, linki do zdj\u0119\u0107 i film\u00f3w z wyjazd\u00f3w oraz wiele innych<\/li>\n<li>korzystanie z wieloletniego do\u015bwiadczenia nurkowego koleg\u00f3w z Klubu<\/li>\n<li>przyjacielska pomoc w konfiguracji i doborze sprz\u0119tu nurkowego<\/li>\n<li>pomoc w sytuacji wypadku nurkowego zar\u00f3wno na wyje\u017adzie klubowym, jak i prywatnym<\/li>\n<li>mo\u017cliwo\u015b\u0107 zdobycia wiedzy i do\u015bwiadczenia z zakresu nurkowania rekreacyjnego<\/li>\n<li>pomoc przy organizowaniu wyjazd\u00f3w nurkowych<\/li>\n<li>raz w roku &#8211; podczas p\u0142atno\u015bci sk\u0142adek, otrzymujesz bon na 20% zni\u017cki na wybrany przez siebie kurs w PCN Nautica lub 15% zni\u017cki na wybrane zakupy w sklepie PCN Nautica<br \/>\n(oferta nie dotyczy zakupu suchych skafandr\u00f3w &#8211; w ramach zni\u017cki przy zakupie suchego skafandra<br \/>\nmo\u017cesz otrzyma\u0107 darmowy Kurs Suchego Skafandra w PCN Nautica)<\/li>\n<li>atrakcyjne rabaty na wypo\u017cyczenie sprz\u0119tu nurkowego oraz 50% rabatu na nape\u0142nianie butli nurkowych powietrzem i nitroksem do 40 % w PCN Nautica, w Poznaniu<\/li>\n<li>mo\u017cliwo\u015b\u0107 korzystania z basen\u00f3w klubowych oraz ma\u0142ej butli z powietrzem w ni\u017cszej cenie<\/li>\n<li>mo\u017cliwo\u015b\u0107 zorganizowania zaj\u0119\u0107 o tematyce nurkowej w sali Klubu Nurkowego Nautica Pozna\u0144<\/li>\n<li>mo\u017cliwo\u015b\u0107 wynaj\u0119cia sali klubowej w preferencyjnej cenie na spotkania prywatne lub imprezy nie<br \/>\nzwi\u0105zane z dzia\u0142alno\u015bci\u0105 klubu<\/li>\n<li>mo\u017cliwo\u015b\u0107 bezp\u0142atnego korzystania z materia\u0142\u00f3w klubowych \u2014 Biblioteka Klubu Nautica Pozna\u0144.<\/li>\n<\/ul>\n<p><span style=\"color: #0000ff;\"><em><strong>Przede wszystkim Klub daje Tobie szans\u0119 spotkania ciekawych ludzi, kt\u00f3rzy pasjonuj\u0105 si\u0119 nurkowaniem i nie tylko!<\/strong><\/em><\/span><\/p>\n<p><strong>Ponadto mo\u017cesz rozwija\u0107 zdolno\u015bci organizacyjne w Klubie poprzez:<\/strong><\/p>\n<ul>\n<li>pomoc w koordynowaniu projekt\u00f3w klubowych<\/li>\n<li>udzia\u0142 w projektach jako wolontariusz<\/li>\n<li>pomoc w organizacji imprez<\/li>\n<li>organizacj\u0119 wyjazd\u00f3w nurkowych<\/li>\n<li>pomoc w prowadzeniu spraw Klubu<\/li>\n<li>prowadzenie lub organizacja wyk\u0142ad\u00f3w<\/li>\n<\/ul>\n<p><strong>Jak si\u0119 przy\u0142\u0105czy\u0107 do nas:<\/strong><\/p>\n<ul>\n<li>zapoznaj si\u0119 ze <a title=\"Statut Klubu\" href=\"https:\/\/klub.nautica.poznan.pl\/?page_id=54\" target=\"_blank\" rel=\"noopener\">Statutem Klubu<\/a><\/li>\n<li>przeczytaj <a title=\"REGULAMIN KLUBU\" href=\"https:\/\/klub.nautica.poznan.pl\/?page_id=306\" target=\"_blank\" rel=\"noopener\">Regulamin Klubu<\/a><\/li>\n<li>wype\u0142nij <a href=\"https:\/\/klub.nautica.poznan.pl\/wp-content\/sprawozdania\/deklaracja-klubowa-2018.pdf\">Deklaracja klubowa<\/a><\/li>\n<li>przyjd\u017a na spotkanie klubowe i skontaktuj si\u0119 osob\u0105 z <a title=\"W\u0141ADZE KLUBU\" href=\"https:\/\/klub.nautica.poznan.pl\/?page_id=308\" target=\"_blank\" rel=\"noopener\">Zarz\u0105du<\/a><\/li>\n<\/ul>\n<p>&nbsp;<\/p>\n<p>&nbsp;<\/p>\n<fb:like href='https:\/\/klub.nautica.poznan.pl\/?page_id=73' send='true' layout='standard' show_faces='true' width='450' height='65' action='like' colorscheme='light' font='lucida grande'><\/fb:like><\/div>","protected":false},"excerpt":{"rendered":"<div class=\"page-restrict-output\"><p>Jako cz\u0142onek Klubu mo\u017cesz korzysta\u0107 z wielu przywilej\u00f3w, mi\u0119dzy innymi s\u0105 to:<\/p>\n<p>wsp\u00f3lne nurkowania i udzia\u0142 w wyjazdach nurkowych na ca\u0142ym \u015bwiecie w gronie znajomych<br \/>\nudzia\u0142 w spotkaniach Klubu \u2013 w ka\u017cdy trzeci pi\u0105tek miesi\u0105ca o godzinie 19:00<br \/>\notrzymywanie powiadomie\u0144 e-mail o organizowanych przez Klub spotkaniach i nurkowaniach<br \/>\ndost\u0119p do zak\u0142adki Club Members Only, w kt\u00f3rej znajduj\u0105 si\u0119 pomoce [&#8230;]<\/p>\n<\/div>","protected":false},"author":1,"featured_media":0,"parent":2,"menu_order":2,"comment_status":"closed","ping_status":"closed","template":"","meta":{"ngg_post_thumbnail":0},"_links":{"self":[{"href":"https:\/\/klub.nautica.poznan.pl\/index.php?rest_route=\/wp\/v2\/pages\/73"}],"collection":[{"href":"https:\/\/klub.nautica.poznan.pl\/index.php?rest_route=\/wp\/v2\/pages"}],"about":[{"href":"https:\/\/klub.nautica.poznan.pl\/index.php?rest_route=\/wp\/v2\/types\/page"}],"author":[{"embeddable":true,"href":"https:\/\/klub.nautica.poznan.pl\/index.php?rest_route=\/wp\/v2\/users\/1"}],"replies":[{"embeddable":true,"href":"https:\/\/klub.nautica.poznan.pl\/index.php?rest_route=%2Fwp%2Fv2%2Fcomments&post=73"}],"version-history":[{"count":15,"href":"https:\/\/klub.nautica.poznan.pl\/index.php?rest_route=\/wp\/v2\/pages\/73\/revisions"}],"predecessor-version":[{"id":4686,"href":"https:\/\/klub.nautica.poznan.pl\/index.php?rest_route=\/wp\/v2\/pages\/73\/revisions\/4686"}],"up":[{"embeddable":true,"href":"https:\/\/klub.nautica.poznan.pl\/index.php?rest_route=\/wp\/v2\/pages\/2"}],"wp:attachment":[{"href":"https:\/\/klub.nautica.poznan.pl\/index.php?rest_route=%2Fwp%2Fv2%2Fmedia&parent=73"}],"curies":[{"name":"wp","href":"https:\/\/api.w.org\/{rel}","templated":true}]}}