{"id":80,"date":"2011-03-10T21:19:11","date_gmt":"2011-03-10T21:19:11","guid":{"rendered":"http:\/\/www.redlizard.eu\/n\/?page_id=80"},"modified":"2015-02-02T13:30:09","modified_gmt":"2015-02-02T12:30:09","slug":"slowem-wstepu","status":"publish","type":"page","link":"https:\/\/klub.nautica.poznan.pl\/?page_id=80","title":{"rendered":"S\u0142owem wst\u0119pu"},"content":{"rendered":"<div class=\"page-restrict-output\"><p><strong>Historia<\/strong><\/p>\n<p>Pomys\u0142 na za\u0142o\u017cenie nowego Klubu Nurkowego zaistnia\u0142 w pa\u017adzierniku 2004 roku.<\/p>\n<p>6 stycznia 2005 roku, w niewyko\u0144czonej jeszcze sali przy ul. Pi\u0142sudskiego 100, odbywa si\u0119 pierwsze nieformalne spotkanie przyjaci\u00f3\u0142 PCN Nautica.<\/p>\n<p>Klub i Sklep Nautica zostaj\u0105 oficjalnie otwarte w lutym 2005 roku, wtedy r\u00f3wnie\u017c odbywa si\u0119 pierwsza zabawa taneczna z udzia\u0142em zaprzyja\u017anionych Klub\u00f3w Nurkowych z Poznania.<\/p>\n<p>Pierwotnie Klub Nautica dzia\u0142a jako nieformalna grupa zrzeszaj\u0105ca sympatyk\u00f3w nurkowania. Z czasem jednak, dzi\u0119ki inicjatywie cz\u0142onk\u00f3w Klubu, w dniu 14 listopada 2005 roku Klub zostaje zarejestrowany w Krajowym Rejestrze S\u0105dowym, a 23 wrze\u015bnia 2009 roku otrzymuje status organizacji po\u017cytku publicznego.<\/p>\n<p>Od pocz\u0105tku swojego istnienia Klub czynnie wsp\u00f3\u0142pracuje z Fundacj\u0105 Sport\u00f3w R\u00f3\u017cnych Os\u00f3b Niepe\u0142nosprawnych i Pe\u0142nosprawnych &#8222;RAZEM &#8211; NIEZALE\u017bNI&#8221;, kt\u00f3ra obecnie kontynuuje swoj\u0105 dzia\u0142alno\u015b\u0107 pod nazw\u0105 Fundacja &#8222;Balian Sport&#8221;. Owocami tej wsp\u00f3\u0142pracy s\u0105 liczne wyjazdy nurkowe organizowane w kraju i za granic\u0105 dla os\u00f3b niepe\u0142nosprawnych oraz coroczne zaj\u0119cia basenowe wprowadzaj\u0105ce do nurkowania osoby z r\u00f3\u017cnego rodzaju niepe\u0142nosprawno\u015bciami.<\/p>\n<p>Dzi\u0119ki aktywno\u015bci cz\u0142onk\u00f3w Klubu co roku organizowane s\u0105 liczne wyjazdy i szkolenia nurkowe, a tak\u017ce przedsi\u0119wzi\u0119cia propaguj\u0105ce nurkowanie w \u015brodowisku wielkopolskim. Przez ca\u0142y okres swojej dzia\u0142alno\u015bci Klub bierze czynny udzia\u0142 w dzia\u0142aniach promuj\u0105cych bezpieczny wypoczynek nad wod\u0105, prowadzi cykliczne spotkania z ciekawymi osobami ze \u015bwiata nurkowego, organizuje coroczne darmowe testy sprz\u0119tu oraz akcje sprz\u0105tania jezior w obr\u0119bie Poznania. Jednocze\u015bnie w siedzibie Klubu nieustannie odbywaj\u0105 si\u0119 comiesi\u0119czne spotkania tematyczne dotycz\u0105ce technik nurkowania, sprz\u0119tu i wyjazd\u00f3w.<\/p>\n<p>Obecnie w Klubie zrzeszonych jest 57 os\u00f3b.<\/p>\n<p>&nbsp;<\/p>\n<p><strong>Cele klubu<\/strong><\/p>\n<p>1) rozpowszechnianie w szerokim otoczeniu wiedzy o nurkowaniu jako formie rekreacji,<br \/>\n2) szkolenie i rozwijanie umiej\u0119tno\u015bci nurkowych, propagowanie profesjonalnego podej\u015bcia do nurkowania,<br \/>\n3) rozwijanie i promocja wiedzy o \u015brodowisku wodnym, osi\u0105gni\u0119ciach i nowo\u015bciach w technice nurkowej oraz nowych formach i programach szkoleniowych stosowanych na ca\u0142ym \u015bwiecie ,<br \/>\n4) propagowanie nurkowania w \u015brodowisku os\u00f3b niepe\u0142nosprawnych jako formy aktywnej rehabilitacji,<br \/>\n4)&#8217; dzia\u0142alno\u015b\u0107 na rzecz integracji spo\u0142ecznej os\u00f3b niepe\u0142nosprawnych i pe\u0142nosprawnych poprzez aktywno\u015b\u0107 fizyczn\u0105 jak\u0105 jest nurkowanie,<br \/>\n5) popularyzowanie wiedzy o szeroko poj\u0119tej ekologii i ochronie wyst\u0119puj\u0105cych w \u015brodowisku wodnym zwierz\u0105t i ro\u015blin,<br \/>\n5)&#8217; popularyzowanie wiedzy o podwodnych obiektach archeologicznych i wrakach,<br \/>\n6) integracja cz\u0142onk\u00f3w klubu maj\u0105ca na celu ustawiczne kszta\u0142towanie kole\u017ce\u0144skiej atmosfery,<br \/>\n7) dzia\u0142alno\u015b\u0107 na rzecz ochrony i promocji zdrowia oraz propagowania zasad bezpiecznego nurkowania i ratownictwa wodnego,<br \/>\n8) promocja nurkowania jako formy aktywnego wypoczynku dzieci i m\u0142odzie\u017cy,<br \/>\n9) odkrywanie i rozpowszechnianie informacji o nowych miejscach turystyki nurkowej w kraju i poza jego granicami,<br \/>\n10) nawi\u0105zywanie kontakt\u00f3w i rozwijanie wsp\u00f3\u0142pracy z innymi klubami nurkowymi na ca\u0142ym \u015bwiecie.<\/p>\n<p>&nbsp;<\/p>\n<p><strong>Klub realizuje swoje cele w szczeg\u00f3lno\u015bci przez:<\/strong><\/p>\n<p>1) organizowanie i prowadzenie przedsi\u0119wzi\u0119\u0107 nurkowych zgodnych z obowi\u0105zuj\u0105cymi przepisami i zasadami bezpiecznego nurkowania,<br \/>\n2) wsp\u00f3\u0142prac\u0119 z osobami niepe\u0142nosprawnymi poprzez organizowane szkolenia i popularyzacj\u0119 nurkowania w tym \u015brodowisku, zw\u0142aszcza jako form\u0119 rehabilitacji,<br \/>\n3) prowadzenie dzia\u0142a\u0144 w zakresie szeroko rozumianej ekologii.<br \/>\n4) popularyzacj\u0119 wiedzy o nurkowaniu poprzez konferencje, seminaria, odczyty, wyk\u0142ady, pokazy, wystawy, spotkania, kursy, szkolenia, publikacje itp.,<br \/>\n5) tworzenie grup zadaniowych,<br \/>\n6) wsp\u00f3\u0142prac\u0119 z innymi instytucjami, organizacjami, podmiotami gospodarczymi, kt\u00f3rych cele s\u0105 zbli\u017cone do cel\u00f3w Klubu lub kt\u00f3re pragn\u0105 je wspiera\u0107,<br \/>\n7) poradnictwo w zakresie nurkowania dla kursant\u00f3w, rodzic\u00f3w, instruktor\u00f3w i wszystkich innych zainteresowanych,<br \/>\n8) wspieranie inicjatyw, bada\u0144 i prac podejmowanych w dziedzinie nurkowania,<br \/>\n9) prowadzenie dzia\u0142alno\u015bci gospodarczej i wydawniczej,<br \/>\n10) zajmowanie stanowisk oraz wyra\u017canie opinii w sprawach dotycz\u0105cych nurkowania,<br \/>\n11) organizowanie oboz\u00f3w, wycieczek i wyjazd\u00f3w nurkowych.<\/p>\n<p>&nbsp;<\/p>\n<fb:like href='https:\/\/klub.nautica.poznan.pl\/?page_id=80' send='true' layout='standard' show_faces='true' width='450' height='65' action='like' colorscheme='light' font='lucida grande'><\/fb:like><\/div>","protected":false},"excerpt":{"rendered":"<div class=\"page-restrict-output\"><p>Historia<br \/>\nPomys\u0142 na za\u0142o\u017cenie nowego Klubu Nurkowego zaistnia\u0142 w pa\u017adzierniku 2004 roku.<br \/>\n6 stycznia 2005 roku, w niewyko\u0144czonej jeszcze sali przy ul. Pi\u0142sudskiego 100, odbywa si\u0119 pierwsze nieformalne spotkanie przyjaci\u00f3\u0142 PCN Nautica.<br \/>\nKlub i Sklep Nautica zostaj\u0105 oficjalnie otwarte w lutym 2005 roku, wtedy r\u00f3wnie\u017c odbywa si\u0119 pierwsza zabawa taneczna z udzia\u0142em zaprzyja\u017anionych Klub\u00f3w Nurkowych z Poznania.<br \/>\nPierwotnie Klub [&#8230;]<\/p>\n<\/div>","protected":false},"author":1,"featured_media":0,"parent":2,"menu_order":1,"comment_status":"closed","ping_status":"closed","template":"","meta":{"ngg_post_thumbnail":0},"_links":{"self":[{"href":"https:\/\/klub.nautica.poznan.pl\/index.php?rest_route=\/wp\/v2\/pages\/80"}],"collection":[{"href":"https:\/\/klub.nautica.poznan.pl\/index.php?rest_route=\/wp\/v2\/pages"}],"about":[{"href":"https:\/\/klub.nautica.poznan.pl\/index.php?rest_route=\/wp\/v2\/types\/page"}],"author":[{"embeddable":true,"href":"https:\/\/klub.nautica.poznan.pl\/index.php?rest_route=\/wp\/v2\/users\/1"}],"replies":[{"embeddable":true,"href":"https:\/\/klub.nautica.poznan.pl\/index.php?rest_route=%2Fwp%2Fv2%2Fcomments&post=80"}],"version-history":[{"count":9,"href":"https:\/\/klub.nautica.poznan.pl\/index.php?rest_route=\/wp\/v2\/pages\/80\/revisions"}],"predecessor-version":[{"id":3262,"href":"https:\/\/klub.nautica.poznan.pl\/index.php?rest_route=\/wp\/v2\/pages\/80\/revisions\/3262"}],"up":[{"embeddable":true,"href":"https:\/\/klub.nautica.poznan.pl\/index.php?rest_route=\/wp\/v2\/pages\/2"}],"wp:attachment":[{"href":"https:\/\/klub.nautica.poznan.pl\/index.php?rest_route=%2Fwp%2Fv2%2Fmedia&parent=80"}],"curies":[{"name":"wp","href":"https:\/\/api.w.org\/{rel}","templated":true}]}}